{"id":50,"date":"2020-12-30T18:58:36","date_gmt":"2020-12-30T18:58:36","guid":{"rendered":"https:\/\/evelyn-kuwertz.berlin\/fr\/?page_id=50"},"modified":"2021-03-04T11:11:02","modified_gmt":"2021-03-04T11:11:02","slug":"startseite","status":"publish","type":"page","link":"https:\/\/evelyn-kuwertz.berlin\/fr\/","title":{"rendered":"Startseite"},"content":{"rendered":"<div class=\"mp-row-fluid motopress-row mpce-dsbl-margin-left mpce-dsbl-margin-right\">\n<div class=\"motopress-clmn mp-span12  mpce-dsbl-margin-left mpce-dsbl-margin-right  motopress-space\">\n<div class=\"motopress-space-obj mpce-dsbl-background-image-type mpce-dsbl-background-image mpce-dsbl-background-gradient mpce-dsbl-background-position mpce-dsbl-background-position-x mpce-dsbl-background-position-y mpce-dsbl-background-repeat mpce-dsbl-background-size mpce-dsbl-background-attachment mpce-dsbl-margin-left mpce-dsbl-margin-right mpce-dsbl-background-color mpce-dsbl-border-top-width mpce-dsbl-border-bottom-width mpce-dsbl-border-left-width mpce-dsbl-border-right-width mpce-dsbl-border-top-left-radius mpce-dsbl-border-top-right-radius mpce-dsbl-border-bottom-left-radius mpce-dsbl-border-bottom-right-radius mpce-dsbl-border-style mpce-dsbl-border-color mpce-dsbl-padding-left mpce-dsbl-padding-right mpce-dsbl-margin-top mpce-dsbl-margin-bottom mpce-dsbl-color\"  style=\"min-height: 25px;\" data-min-height=\"25\"><div><\/div><\/div>\n<\/div>\n<\/div>\n<div class=\"mp-row-fluid motopress-row mpce-dsbl-margin-left mpce-dsbl-margin-right\">\n<div class=\"motopress-clmn mp-span6  mpce-dsbl-margin-left mpce-dsbl-margin-right\">\n<div class=\"mp-row-fluid motopress-row mpce-dsbl-margin-left mpce-dsbl-margin-right motopress-margin-top-0 motopress-margin-bottom-0\">\n<div class=\"motopress-clmn mp-span12 mpce-dsbl-margin-left mpce-dsbl-margin-right\">\n<div class=\"motopress-code-obj motopress-margin-top-100\">\n<h2 style=\"text-align: center;\"><span style=\"color: #708076;\">Paysages urbains de Berlin<\/span><\/h2>\n<\/div>\n<\/div>\n<\/div>\n<\/div>\n<div class=\"motopress-clmn mp-span6  mpce-dsbl-margin-left mpce-dsbl-margin-right\">\n<div class=\"motopress-image-obj motopress-text-align-left\"><a href=\"https:\/\/evelyn-kuwertz.berlin\/fr\/wp-content\/uploads\/sites\/10\/2020\/12\/1-maueroeffnung-scaled.jpg\" data-action=\"motopressLightbox\" target=\"_self\"><img src=\"https:\/\/evelyn-kuwertz.berlin\/fr\/wp-content\/uploads\/sites\/10\/2020\/12\/1-maueroeffnung-scaled.jpg\" title=\"Potsdamerplatz November 1989, 30\/100 cm, tempera, huile \/ toile\" alt=\"Potsdamerplatz November 1989\" class=\"motopress-image-obj-basic mpce-dsbl-margin-left mpce-dsbl-margin-right mpce-dsbl-margin-top mpce-dsbl-margin-bottom\" \/><\/a><p class=\"motopress-image-caption\">Potsdamerplatz November 1989, 30\/100 cm, tempera, huile \/ toile<\/p><\/div>\n<\/div>\n<\/div>\n<div class=\"mp-row-fluid motopress-row mpce-dsbl-margin-left mpce-dsbl-margin-right\">\n<div class=\"motopress-clmn mp-span12  mpce-dsbl-margin-left mpce-dsbl-margin-right\">\n<div class=\"mp-row-fluid motopress-row mpce-dsbl-margin-left mpce-dsbl-margin-right\">\n<div class=\"motopress-clmn mp-span12 mpce-dsbl-margin-left mpce-dsbl-margin-right  motopress-space\">\n<div class=\"motopress-space-obj mpce-dsbl-background-image-type mpce-dsbl-background-image mpce-dsbl-background-gradient mpce-dsbl-background-position mpce-dsbl-background-position-x mpce-dsbl-background-position-y mpce-dsbl-background-repeat mpce-dsbl-background-size mpce-dsbl-background-attachment mpce-dsbl-margin-left mpce-dsbl-margin-right mpce-dsbl-background-color mpce-dsbl-border-top-width mpce-dsbl-border-bottom-width mpce-dsbl-border-left-width mpce-dsbl-border-right-width mpce-dsbl-border-top-left-radius mpce-dsbl-border-top-right-radius mpce-dsbl-border-bottom-left-radius mpce-dsbl-border-bottom-right-radius mpce-dsbl-border-style mpce-dsbl-border-color mpce-dsbl-padding-left mpce-dsbl-padding-right mpce-dsbl-margin-top mpce-dsbl-margin-bottom mpce-dsbl-color\"  style=\"min-height: 15px;\" data-min-height=\"15\"><div><\/div><\/div>\n<\/div>\n<\/div>\n<\/div>\n<\/div>\n<div class=\"mp-row-fluid motopress-row mpce-dsbl-margin-left mpce-dsbl-margin-right\">\n<div class=\"motopress-clmn mp-span12  mpce-dsbl-margin-left mpce-dsbl-margin-right\">\n<div class=\"mp-row-fluid motopress-row mpce-dsbl-margin-left mpce-dsbl-margin-right\">\n<div class=\"motopress-clmn mp-span12 mpce-dsbl-margin-left mpce-dsbl-margin-right\">\n<div class=\"motopress-image-obj motopress-text-align-left\"><a href=\"https:\/\/evelyn-kuwertz.berlin\/fr\/wp-content\/uploads\/sites\/10\/2021\/03\/Potsdamerplatz-Baustelle.jpg\" data-action=\"motopressLightbox\" target=\"_self\"><img src=\"https:\/\/evelyn-kuwertz.berlin\/fr\/wp-content\/uploads\/sites\/10\/2021\/03\/Potsdamerplatz-Baustelle.jpg\" title=\"Potsdamerplatz-Baustelle\" alt=\"Potsdamerplatz-Baustelle\" class=\"motopress-image-obj-basic mpce-dsbl-margin-left mpce-dsbl-margin-right mpce-dsbl-margin-top mpce-dsbl-margin-bottom\" \/><\/a><\/div>\n<\/div>\n<\/div>\n<div class=\"mp-row-fluid motopress-row mpce-dsbl-margin-left mpce-dsbl-margin-right\">\n<div class=\"motopress-clmn mp-span12 mpce-dsbl-margin-left mpce-dsbl-margin-right\">\n<div class=\"motopress-code-obj\">\n<p style=\"text-align: center; font-size: 12px;\">Chantier Potsdamerplatz 1992-94, 100\/400 cm, 4 carreau, tempera, huile \/ toile<\/p>\n<\/div>\n<\/div>\n<\/div>\n<div class=\"mp-row-fluid motopress-row mpce-dsbl-margin-left mpce-dsbl-margin-right\">\n<div class=\"motopress-clmn mp-span12 mpce-dsbl-margin-left mpce-dsbl-margin-right  motopress-space\">\n<div class=\"motopress-space-obj mpce-dsbl-background-image-type mpce-dsbl-background-image mpce-dsbl-background-gradient mpce-dsbl-background-position mpce-dsbl-background-position-x mpce-dsbl-background-position-y mpce-dsbl-background-repeat mpce-dsbl-background-size mpce-dsbl-background-attachment mpce-dsbl-margin-left mpce-dsbl-margin-right mpce-dsbl-background-color mpce-dsbl-border-top-width mpce-dsbl-border-bottom-width mpce-dsbl-border-left-width mpce-dsbl-border-right-width mpce-dsbl-border-top-left-radius mpce-dsbl-border-top-right-radius mpce-dsbl-border-bottom-left-radius mpce-dsbl-border-bottom-right-radius mpce-dsbl-border-style mpce-dsbl-border-color mpce-dsbl-padding-left mpce-dsbl-padding-right mpce-dsbl-margin-top mpce-dsbl-margin-bottom mpce-dsbl-color\"  style=\"min-height: 15px;\" data-min-height=\"15\"><div><\/div><\/div>\n<\/div>\n<\/div>\n<div class=\"mp-row-fluid motopress-row mpce-dsbl-margin-left mpce-dsbl-margin-right\">\n<div class=\"motopress-clmn mp-span12 mpce-dsbl-margin-left mpce-dsbl-margin-right\">\n<div class=\"motopress-embed-obj fill-space\"><i>Le d\u00e9veloppement dynamique du nouveau centre-ville n'est plus document\u00e9 uniquement \u00e0 travers des photographies ou sa propre perception. Gr\u00e2ce \u00e0 l'artiste berlinoise Evelyn Kuwertz, qui est n\u00e9e en Autriche, nous voyons le porteur d\u00e9sordonn\u00e9 des espoirs d'urbanisme de la Potsdamer Platz avec des yeux compl\u00e8tement diff\u00e9rents ... \u00abLe fond est tourn\u00e9 vers le haut, l'int\u00e9rieur est tourn\u00e9 vers l'ext\u00e9rieur, seul le pr\u00e9sent existe. La question se pose de la nature du changement et de l'oubli \u00bb, \u00e9crit l'artiste \u00e0 propos de ses propres \u00e9motions lors de la cr\u00e9ation de l'image. Et le pr\u00e9sent est d\u00e9j\u00e0 loin de ce moment, les lacs ont disparu, les gratte-ciel sont sortis des fosses, les premiers bureaux ont \u00e9t\u00e9 emm\u00e9nag\u00e9s.<\/i><br><br>RAST, Berliner Morgenpost 01.02.1998<\/div>\n<\/div>\n<\/div>\n<\/div>\n<\/div>\n<div class=\"mp-row-fluid motopress-row mpce-dsbl-margin-left mpce-dsbl-margin-right\">\n<div class=\"motopress-clmn mp-span12  mpce-dsbl-margin-left mpce-dsbl-margin-right  motopress-space\">\n<div class=\"motopress-space-obj mpce-dsbl-background-image-type mpce-dsbl-background-image mpce-dsbl-background-gradient mpce-dsbl-background-position mpce-dsbl-background-position-x mpce-dsbl-background-position-y mpce-dsbl-background-repeat mpce-dsbl-background-size mpce-dsbl-background-attachment mpce-dsbl-margin-left mpce-dsbl-margin-right mpce-dsbl-background-color mpce-dsbl-border-top-width mpce-dsbl-border-bottom-width mpce-dsbl-border-left-width mpce-dsbl-border-right-width mpce-dsbl-border-top-left-radius mpce-dsbl-border-top-right-radius mpce-dsbl-border-bottom-left-radius mpce-dsbl-border-bottom-right-radius mpce-dsbl-border-style mpce-dsbl-border-color mpce-dsbl-padding-left mpce-dsbl-padding-right mpce-dsbl-margin-top mpce-dsbl-margin-bottom mpce-dsbl-color\"  style=\"min-height: 15px;\" data-min-height=\"15\"><div><\/div><\/div>\n<\/div>\n<\/div>\n<div class=\"mp-row-fluid motopress-row mpce-dsbl-margin-left mpce-dsbl-margin-right\">\n<div class=\"motopress-clmn mp-span12  mpce-dsbl-margin-left mpce-dsbl-margin-right\">\n<div class=\"mp-row-fluid motopress-row mpce-dsbl-margin-left mpce-dsbl-margin-right\">\n<div class=\"motopress-clmn mp-span6 mpce-dsbl-margin-left mpce-dsbl-margin-right\">\n<div class=\"motopress-image-obj motopress-text-align-left\"><a href=\"https:\/\/evelyn-kuwertz.berlin\/fr\/wp-content\/uploads\/sites\/10\/2020\/12\/13Mouvement-scaled.jpg\" data-action=\"motopressLightbox\" target=\"_self\"><img src=\"https:\/\/evelyn-kuwertz.berlin\/fr\/wp-content\/uploads\/sites\/10\/2020\/12\/13Mouvement-1024x1021.jpg\" title=\"Mouvement 2014\" alt=\"Mouvement 2014, 150 \/ 150cm, acrylique \/ toile\" class=\"motopress-image-obj-basic mpce-dsbl-margin-left mpce-dsbl-margin-right mpce-dsbl-margin-top mpce-dsbl-margin-bottom\" \/><\/a><p class=\"motopress-image-caption\">Mouvement 2014, 150 \/ 150cm, acrylique \/ toile <\/p><\/div>\n<\/div>\n<div class=\"motopress-clmn mp-span6 mpce-dsbl-margin-left mpce-dsbl-margin-right\">\n<div class=\"motopress-code-obj\">\n<p><em>Je voudrais me r\u00e9f\u00e9rer au site Web <a href=\"http:\/\/www.evelynkuwertz.eu\">www.evelynkuwertz.eu<\/a>, qui donne un aper\u00e7u de mon travail depuis 2000 jusqu&#8217;\u00e0 aujourd&#8217;hui. Mon int\u00e9r\u00eat pour la ville se poursuit dans les images des VILLES EUROP\u00c9ENNES. La repr\u00e9sentation des personnes en MOUVEMENT est \u00e9largie et le sujet du PORTRAIT est \u00e0 nouveau li\u00e9. Inspir\u00e9 des s\u00e9jours dans le sud-ouest de la France, L&#8217;OBSERVATION DE LA NATURE en a trouv\u00e9 sa place dans mon \u0153uvre.<\/em><\/p>\n<h3><em><strong><a href=\"http:\/\/www.evelynkuwertz.eu\">www.evelynkuwertz.eu<\/a><\/strong><\/em><\/h3>\n<\/div>\n<\/div>\n<\/div>\n<div class=\"mp-row-fluid motopress-row mpce-dsbl-margin-left mpce-dsbl-margin-right\">\n<div class=\"motopress-clmn mp-span12 mpce-dsbl-margin-left mpce-dsbl-margin-right  motopress-space\">\n<div class=\"motopress-space-obj mpce-dsbl-background-image-type mpce-dsbl-background-image mpce-dsbl-background-gradient mpce-dsbl-background-position mpce-dsbl-background-position-x mpce-dsbl-background-position-y mpce-dsbl-background-repeat mpce-dsbl-background-size mpce-dsbl-background-attachment mpce-dsbl-margin-left mpce-dsbl-margin-right mpce-dsbl-background-color mpce-dsbl-border-top-width mpce-dsbl-border-bottom-width mpce-dsbl-border-left-width mpce-dsbl-border-right-width mpce-dsbl-border-top-left-radius mpce-dsbl-border-top-right-radius mpce-dsbl-border-bottom-left-radius mpce-dsbl-border-bottom-right-radius mpce-dsbl-border-style mpce-dsbl-border-color mpce-dsbl-padding-left mpce-dsbl-padding-right mpce-dsbl-margin-top mpce-dsbl-margin-bottom mpce-dsbl-color\"  style=\"min-height: 25px;\" data-min-height=\"25\"><div><\/div><\/div>\n<\/div>\n<\/div>\n<\/div>\n<\/div>\n","protected":false},"excerpt":{"rendered":"Paysages urbains de Berlin Potsdamerplatz November 1989, 30\/100 cm, tempera, huile \/ toile Chantier Potsdamerplatz 1992-94, 100\/400 cm, 4 carreau, tempera, huile \/ toile Le d\u00e9veloppement dynamique du nouveau centre-ville n&#8217;est plus document\u00e9 uniquement \u00e0 travers des photographies ou sa propre perception. Gr\u00e2ce \u00e0 l&#8217;artiste berlinoise Evelyn Kuwertz, qui est n\u00e9e en Autriche, nous voyons&hellip;&nbsp;<a href=\"https:\/\/evelyn-kuwertz.berlin\/fr\/\" class=\"\" rel=\"bookmark\">Weiterlesen &raquo;<span class=\"screen-reader-text\">Startseite<\/span><\/a>","protected":false},"author":1,"featured_media":0,"parent":0,"menu_order":0,"comment_status":"closed","ping_status":"closed","template":"","meta":{"neve_meta_sidebar":"","neve_meta_container":"","neve_meta_enable_content_width":"","neve_meta_content_width":0,"neve_meta_title_alignment":"","neve_meta_author_avatar":"","neve_post_elements_order":"","neve_meta_disable_header":"","neve_meta_disable_footer":"","neve_meta_disable_title":""},"_links":{"self":[{"href":"https:\/\/evelyn-kuwertz.berlin\/fr\/wp-json\/wp\/v2\/pages\/50"}],"collection":[{"href":"https:\/\/evelyn-kuwertz.berlin\/fr\/wp-json\/wp\/v2\/pages"}],"about":[{"href":"https:\/\/evelyn-kuwertz.berlin\/fr\/wp-json\/wp\/v2\/types\/page"}],"author":[{"embeddable":true,"href":"https:\/\/evelyn-kuwertz.berlin\/fr\/wp-json\/wp\/v2\/users\/1"}],"replies":[{"embeddable":true,"href":"https:\/\/evelyn-kuwertz.berlin\/fr\/wp-json\/wp\/v2\/comments?post=50"}],"version-history":[{"count":35,"href":"https:\/\/evelyn-kuwertz.berlin\/fr\/wp-json\/wp\/v2\/pages\/50\/revisions"}],"predecessor-version":[{"id":697,"href":"https:\/\/evelyn-kuwertz.berlin\/fr\/wp-json\/wp\/v2\/pages\/50\/revisions\/697"}],"wp:attachment":[{"href":"https:\/\/evelyn-kuwertz.berlin\/fr\/wp-json\/wp\/v2\/media?parent=50"}],"curies":[{"name":"wp","href":"https:\/\/api.w.org\/{rel}","templated":true}]}}