{"id":33,"date":"2020-12-30T18:42:07","date_gmt":"2020-12-30T18:42:07","guid":{"rendered":"https:\/\/evelyn-kuwertz.berlin\/fr\/?page_id=33"},"modified":"2021-02-15T14:40:03","modified_gmt":"2021-02-15T14:40:03","slug":"mouvement","status":"publish","type":"page","link":"https:\/\/evelyn-kuwertz.berlin\/fr\/mouvement\/","title":{"rendered":"Mouvement"},"content":{"rendered":"<div class=\"mp-row-fluid motopress-row mpce-dsbl-margin-left mpce-dsbl-margin-right\">\n<div class=\"motopress-clmn mp-span12  mpce-dsbl-margin-left mpce-dsbl-margin-right\">\n<div class=\"mp-row-fluid motopress-row mpce-dsbl-margin-left mpce-dsbl-margin-right\">\n<div class=\"motopress-clmn mp-span12 mpce-dsbl-margin-left mpce-dsbl-margin-right  motopress-space\">\n<div class=\"motopress-space-obj mpce-dsbl-background-image-type mpce-dsbl-background-image mpce-dsbl-background-gradient mpce-dsbl-background-position mpce-dsbl-background-position-x mpce-dsbl-background-position-y mpce-dsbl-background-repeat mpce-dsbl-background-size mpce-dsbl-background-attachment mpce-dsbl-margin-left mpce-dsbl-margin-right mpce-dsbl-background-color mpce-dsbl-border-top-width mpce-dsbl-border-bottom-width mpce-dsbl-border-left-width mpce-dsbl-border-right-width mpce-dsbl-border-top-left-radius mpce-dsbl-border-top-right-radius mpce-dsbl-border-bottom-left-radius mpce-dsbl-border-bottom-right-radius mpce-dsbl-border-style mpce-dsbl-border-color mpce-dsbl-padding-left mpce-dsbl-padding-right mpce-dsbl-margin-top mpce-dsbl-margin-bottom mpce-dsbl-color\"  style=\"min-height: 25px;\" data-min-height=\"25\"><div><\/div><\/div>\n<\/div>\n<\/div>\n<\/div>\n<\/div>\n<div class=\"mp-row-fluid motopress-row mpce-dsbl-margin-left mpce-dsbl-margin-right\">\n<div class=\"motopress-clmn mp-span6  mpce-dsbl-margin-left mpce-dsbl-margin-right\">\n<div class=\"motopress-code-obj\">\n<h2><span style=\"color: #484848;\">Mouvement<\/span><\/h2>\n<p><span style=\"color: #484848;\">L&#8217;homme change, d\u00e9place la ville; change la ville, fait bouger les gens.<br \/>Ni les gens ni l&#8217;environnement ne sont statiques. Les personnes sont concr\u00e8tes, dessin\u00e9es personnellement et la suggestion de v\u00eatements cr\u00e9e un aspect contemporain. Ce sont des montages de s\u00e9quences de mouvements imbriqu\u00e9s devant des fragments d\u2018architektures urbains. La composition et la structure restent transparentes. Le canon artificiel du mouvement correspond \u00e0 l&#8217;espace et \u00e0 la lumi\u00e8re. Ils forment une synth\u00e8se sculpturale.<\/span><\/p>\n<p>Ma r\u00e9ponse visuelle a \u00e9t\u00e9 d&#8217;exp\u00e9rimenter la combinaison du dessin et de la peinture. Le processus de peinture sur papier ou toile est bas\u00e9 sur des dessins au fusain, suivis de couches transparentes avec des couleurs aquarelle, acrylique ou tempera. Le coup de pinceau visible cr\u00e9e un effet cassant, une fragilit\u00e9 qui contraste avec la peinture \u00e0 l&#8217;huile douce et emp\u00e2t\u00e9e avec laquelle j&#8217;ai trait\u00e9 les surfaces du corps et fini le tableau. Les diff\u00e9rentes \u00e9tapes de travail restent tra\u00e7ables dans l&#8217;image \u00abtermin\u00e9e\u00bb.<\/p>\n<\/div>\n<\/div>\n<div class=\"motopress-clmn mp-span6  mpce-dsbl-margin-left mpce-dsbl-margin-right\">\n<div class=\"motopress-embed-obj fill-space\">\r\n\t<div class=\"msacwl-slider-wrap msacwl-row-clearfix \" data-conf=\"{&quot;autoplay&quot;:&quot;false&quot;,&quot;autoplay_speed&quot;:3000,&quot;speed&quot;:300,&quot;arrows&quot;:&quot;true&quot;,&quot;dots&quot;:&quot;true&quot;,&quot;lazyload&quot;:&quot;&quot;}\">\r\n\t\t<div id=\"msacwl-slider-1\" class=\"msacwl-slider msacwl-common-slider msacwl-slider-popup\">\r\n\t\t\t\t\t\t<div class=\"msacwl-slide\" data-item-index=\"1\" style='height:600px;'>\r\n\t\t\t\t<a class=\"msacwl-img-link\" href=\"javascript:void(0);\" data-mfp-src=\"https:\/\/evelyn-kuwertz.berlin\/fr\/wp-content\/uploads\/sites\/10\/2021\/02\/img030.jpg\">\r\n\t\t\t\t\t<img class=\"msacwl-img\"  src=\"https:\/\/evelyn-kuwertz.berlin\/fr\/wp-content\/uploads\/sites\/10\/2021\/02\/img030.jpg\" data-title=\"Mouvement 1990\" alt=\"Mouvement 1990, 160\/100 cm, craie, papiercalque\" \/>\r\n\t\t\t\t<\/a>\r\n\t\t\t\t\t\t\t\t\t<div class=\"msacwl-gallery-caption\">\r\n\t\t\t\t\t\t\t\t\t\t\t\t\t<span class=\"image_title\">Mouvement 1990<\/span>\r\n\t\t\t\t\t\t\t\t\t\t\t\t\t<span>160\/100 cm, craie, papiercalque<\/span>\r\n\t\t\t\t\t\t \t\t\t\t\t<\/div>\r\n\t\t\t\t\t\t\t<\/div>\r\n\t\t\t\t\t\t\t\t\t<div class=\"msacwl-slide\" data-item-index=\"2\" style='height:600px;'>\r\n\t\t\t\t<a class=\"msacwl-img-link\" href=\"javascript:void(0);\" data-mfp-src=\"https:\/\/evelyn-kuwertz.berlin\/fr\/wp-content\/uploads\/sites\/10\/2021\/01\/2-Bewegung-91-scaled.jpg\">\r\n\t\t\t\t\t<img class=\"msacwl-img\"  src=\"https:\/\/evelyn-kuwertz.berlin\/fr\/wp-content\/uploads\/sites\/10\/2021\/01\/2-Bewegung-91-scaled.jpg\" data-title=\"Mouvment 1990\" alt=\"Mouvment 1990, 190\/63 cm, tempera, huile \/ toile\" \/>\r\n\t\t\t\t<\/a>\r\n\t\t\t\t\t\t\t\t\t<div class=\"msacwl-gallery-caption\">\r\n\t\t\t\t\t\t\t\t\t\t\t\t\t<span class=\"image_title\">Mouvment 1990<\/span>\r\n\t\t\t\t\t\t\t\t\t\t\t\t\t<span>190\/63 cm, tempera, huile \/ toile<\/span>\r\n\t\t\t\t\t\t \t\t\t\t\t<\/div>\r\n\t\t\t\t\t\t\t<\/div>\r\n\t\t\t\t\t\t\t\t\t<div class=\"msacwl-slide\" data-item-index=\"3\" style='height:600px;'>\r\n\t\t\t\t<a class=\"msacwl-img-link\" href=\"javascript:void(0);\" data-mfp-src=\"https:\/\/evelyn-kuwertz.berlin\/fr\/wp-content\/uploads\/sites\/10\/2021\/01\/4-Bewegung-91-scaled.jpg\">\r\n\t\t\t\t\t<img class=\"msacwl-img\"  src=\"https:\/\/evelyn-kuwertz.berlin\/fr\/wp-content\/uploads\/sites\/10\/2021\/01\/4-Bewegung-91-scaled.jpg\" data-title=\"Mouvment 1991\" alt=\"Mouvment 1990, 200\/90 cm, huile \/ papiercalque\" \/>\r\n\t\t\t\t<\/a>\r\n\t\t\t\t\t\t\t\t\t<div class=\"msacwl-gallery-caption\">\r\n\t\t\t\t\t\t\t\t\t\t\t\t\t<span class=\"image_title\">Mouvment 1991<\/span>\r\n\t\t\t\t\t\t\t\t\t\t\t\t\t<span>200 \/ 90cm, huile \/ papiercalque<\/span>\r\n\t\t\t\t\t\t \t\t\t\t\t<\/div>\r\n\t\t\t\t\t\t\t<\/div>\r\n\t\t\t\t\t\t\t\t\t<div class=\"msacwl-slide\" data-item-index=\"4\" style='height:600px;'>\r\n\t\t\t\t<a class=\"msacwl-img-link\" href=\"javascript:void(0);\" data-mfp-src=\"https:\/\/evelyn-kuwertz.berlin\/fr\/wp-content\/uploads\/sites\/10\/2021\/01\/5-Bewegung-scaled.jpg\">\r\n\t\t\t\t\t<img class=\"msacwl-img\"  src=\"https:\/\/evelyn-kuwertz.berlin\/fr\/wp-content\/uploads\/sites\/10\/2021\/01\/5-Bewegung-scaled.jpg\" data-title=\"Mouvment 1992\" alt=\"Mouvment 1992, 190\/45 cm, tempera, huile \/ toile\" \/>\r\n\t\t\t\t<\/a>\r\n\t\t\t\t\t\t\t\t\t<div class=\"msacwl-gallery-caption\">\r\n\t\t\t\t\t\t\t\t\t\t\t\t\t<span class=\"image_title\">Mouvment 1992<\/span>\r\n\t\t\t\t\t\t\t\t\t\t\t\t\t<span>190\/45 cm, tempera, huile \/ toile<\/span>\r\n\t\t\t\t\t\t \t\t\t\t\t<\/div>\r\n\t\t\t\t\t\t\t<\/div>\r\n\t\t\t\t\t\t\t\t\t<div class=\"msacwl-slide\" data-item-index=\"5\" style='height:600px;'>\r\n\t\t\t\t<a class=\"msacwl-img-link\" href=\"javascript:void(0);\" data-mfp-src=\"https:\/\/evelyn-kuwertz.berlin\/fr\/wp-content\/uploads\/sites\/10\/2021\/01\/6-Bewegung-93-scaled.jpg\">\r\n\t\t\t\t\t<img class=\"msacwl-img\"  src=\"https:\/\/evelyn-kuwertz.berlin\/fr\/wp-content\/uploads\/sites\/10\/2021\/01\/6-Bewegung-93-scaled.jpg\" data-title=\"Mouvment 1992\" alt=\"Mouvment 1992, 190\/100 cm, aquarelle, huile \/ toile\" \/>\r\n\t\t\t\t<\/a>\r\n\t\t\t\t\t\t\t\t\t<div class=\"msacwl-gallery-caption\">\r\n\t\t\t\t\t\t\t\t\t\t\t\t\t<span class=\"image_title\">Mouvment 1992<\/span>\r\n\t\t\t\t\t\t\t\t\t\t\t\t\t<span>190\/100 cm, aquarelle, huile \/ toile<\/span>\r\n\t\t\t\t\t\t \t\t\t\t\t<\/div>\r\n\t\t\t\t\t\t\t<\/div>\r\n\t\t\t\t\t\t\t\t\t<div class=\"msacwl-slide\" data-item-index=\"6\" style='height:600px;'>\r\n\t\t\t\t<a class=\"msacwl-img-link\" href=\"javascript:void(0);\" data-mfp-src=\"https:\/\/evelyn-kuwertz.berlin\/fr\/wp-content\/uploads\/sites\/10\/2021\/01\/7-Bewegung-92-scaled.jpg\">\r\n\t\t\t\t\t<img class=\"msacwl-img\"  src=\"https:\/\/evelyn-kuwertz.berlin\/fr\/wp-content\/uploads\/sites\/10\/2021\/01\/7-Bewegung-92-scaled.jpg\" data-title=\"Bewegung Stadt 1992\" alt=\"Bewegung Stadt 1992 | 60 \/ 100cm, Gouache 7 B\u00fctten\" \/>\r\n\t\t\t\t<\/a>\r\n\t\t\t\t\t\t\t\t\t<div class=\"msacwl-gallery-caption\">\r\n\t\t\t\t\t\t\t\t\t\t\t\t\t<span class=\"image_title\">Bewegung Stadt 1992<\/span>\r\n\t\t\t\t\t\t\t\t\t\t\t\t\t<span>60 \/ 100cm, Gouache 7 B\u00fctten<\/span>\r\n\t\t\t\t\t\t \t\t\t\t\t<\/div>\r\n\t\t\t\t\t\t\t<\/div>\r\n\t\t\t\t\t\t\t\t\t<div class=\"msacwl-slide\" data-item-index=\"7\" style='height:600px;'>\r\n\t\t\t\t<a class=\"msacwl-img-link\" href=\"javascript:void(0);\" data-mfp-src=\"https:\/\/evelyn-kuwertz.berlin\/fr\/wp-content\/uploads\/sites\/10\/2021\/01\/9-Bewegung-scaled.jpg\">\r\n\t\t\t\t\t<img class=\"msacwl-img\"  src=\"https:\/\/evelyn-kuwertz.berlin\/fr\/wp-content\/uploads\/sites\/10\/2021\/01\/9-Bewegung-scaled.jpg\" data-title=\"Bewegung  Stadt 1994\" alt=\"Bewegung Stadt 1994 | 100 \/ 80cm, Tempera, \u00d6l \/ Leinwand\" \/>\r\n\t\t\t\t<\/a>\r\n\t\t\t\t\t\t\t\t\t<div class=\"msacwl-gallery-caption\">\r\n\t\t\t\t\t\t\t\t\t\t\t\t\t<span class=\"image_title\">Bewegung  Stadt 1994<\/span>\r\n\t\t\t\t\t\t\t\t\t\t\t\t\t<span>100 \/ 80cm, Tempera, \u00d6l \/ Leinwand <\/span>\r\n\t\t\t\t\t\t \t\t\t\t\t<\/div>\r\n\t\t\t\t\t\t\t<\/div>\r\n\t\t\t\t\t\t\t\t\t<div class=\"msacwl-slide\" data-item-index=\"8\" style='height:600px;'>\r\n\t\t\t\t<a class=\"msacwl-img-link\" href=\"javascript:void(0);\" data-mfp-src=\"https:\/\/evelyn-kuwertz.berlin\/fr\/wp-content\/uploads\/sites\/10\/2021\/01\/10Bewegung-Stadt-scaled.jpg\">\r\n\t\t\t\t\t<img class=\"msacwl-img\"  src=\"https:\/\/evelyn-kuwertz.berlin\/fr\/wp-content\/uploads\/sites\/10\/2021\/01\/10Bewegung-Stadt-scaled.jpg\" data-title=\"Bewegung Stadt 1994\" alt=\"Bewegung Stadt 1994 | 200 \/ 100cm, Tempera, \u00d6l \/ Leinwand\" \/>\r\n\t\t\t\t<\/a>\r\n\t\t\t\t\t\t\t\t\t<div class=\"msacwl-gallery-caption\">\r\n\t\t\t\t\t\t\t\t\t\t\t\t\t<span class=\"image_title\">Bewegung Stadt 1994<\/span>\r\n\t\t\t\t\t\t\t\t\t\t\t\t\t<span>200 \/ 100cm, Tempera, \u00d6l \/ Leinwand <\/span>\r\n\t\t\t\t\t\t \t\t\t\t\t<\/div>\r\n\t\t\t\t\t\t\t<\/div>\r\n\t\t\t\t\t\t\t\t\t<div class=\"msacwl-slide\" data-item-index=\"9\" style='height:600px;'>\r\n\t\t\t\t<a class=\"msacwl-img-link\" href=\"javascript:void(0);\" data-mfp-src=\"https:\/\/evelyn-kuwertz.berlin\/fr\/wp-content\/uploads\/sites\/10\/2021\/01\/11-Hamburger-Bhf--scaled.jpg\">\r\n\t\t\t\t\t<img class=\"msacwl-img\"  src=\"https:\/\/evelyn-kuwertz.berlin\/fr\/wp-content\/uploads\/sites\/10\/2021\/01\/11-Hamburger-Bhf--scaled.jpg\" data-title=\"Mouvement Gare Hambourg 1995\" alt=\"Mouvement Gare Hambourg 1995, 150\/200 cm, tempera, huile \/ toile\" \/>\r\n\t\t\t\t<\/a>\r\n\t\t\t\t\t\t\t\t\t<div class=\"msacwl-gallery-caption\">\r\n\t\t\t\t\t\t\t\t\t\t\t\t\t<span class=\"image_title\">Mouvement Gare Hambourg 1995<\/span>\r\n\t\t\t\t\t\t\t\t\t\t\t\t\t<span>150\/200 cm, tempera, huile \/ toile<\/span>\r\n\t\t\t\t\t\t \t\t\t\t\t<\/div>\r\n\t\t\t\t\t\t\t<\/div>\r\n\t\t\t\t\t\t\t\t\t<div class=\"msacwl-slide\" data-item-index=\"10\" style='height:600px;'>\r\n\t\t\t\t<a class=\"msacwl-img-link\" href=\"javascript:void(0);\" data-mfp-src=\"https:\/\/evelyn-kuwertz.berlin\/fr\/wp-content\/uploads\/sites\/10\/2021\/01\/12Mouvement.jpg\">\r\n\t\t\t\t\t<img class=\"msacwl-img\"  src=\"https:\/\/evelyn-kuwertz.berlin\/fr\/wp-content\/uploads\/sites\/10\/2021\/01\/12Mouvement.jpg\" data-title=\"Mouvement 2013\" alt=\"Mouvement 2013 | 70\/100 cm, craie, huile \/ papiercalque\" \/>\r\n\t\t\t\t<\/a>\r\n\t\t\t\t\t\t\t\t\t<div class=\"msacwl-gallery-caption\">\r\n\t\t\t\t\t\t\t\t\t\t\t\t\t<span class=\"image_title\">Mouvement 2013<\/span>\r\n\t\t\t\t\t\t\t\t\t\t\t\t\t<span>70\/100 cm, craie, huile \/ papiercalque<\/span>\r\n\t\t\t\t\t\t \t\t\t\t\t<\/div>\r\n\t\t\t\t\t\t\t<\/div>\r\n\t\t\t\t\t\t\t\t\t<div class=\"msacwl-slide\" data-item-index=\"11\" style='height:600px;'>\r\n\t\t\t\t<a class=\"msacwl-img-link\" href=\"javascript:void(0);\" data-mfp-src=\"https:\/\/evelyn-kuwertz.berlin\/fr\/wp-content\/uploads\/sites\/10\/2021\/01\/13Mouvement-scaled.jpg\">\r\n\t\t\t\t\t<img class=\"msacwl-img\"  src=\"https:\/\/evelyn-kuwertz.berlin\/fr\/wp-content\/uploads\/sites\/10\/2021\/01\/13Mouvement-scaled.jpg\" data-title=\"Mouvement 2014\" alt=\"Mouvement 2014, 150\/150 cm, acrylique, craie, huile \/ toile\" \/>\r\n\t\t\t\t<\/a>\r\n\t\t\t\t\t\t\t\t\t<div class=\"msacwl-gallery-caption\">\r\n\t\t\t\t\t\t\t\t\t\t\t\t\t<span class=\"image_title\">Mouvement 2014<\/span>\r\n\t\t\t\t\t\t\t\t\t\t\t\t\t<span>150\/150 cm, acrylique, craie, huile \/ toile<\/span>\r\n\t\t\t\t\t\t \t\t\t\t\t<\/div>\r\n\t\t\t\t\t\t\t<\/div>\r\n\t\t\t\t\t\t\t\t\t<div class=\"msacwl-slide\" data-item-index=\"12\" style='height:600px;'>\r\n\t\t\t\t<a class=\"msacwl-img-link\" href=\"javascript:void(0);\" data-mfp-src=\"https:\/\/evelyn-kuwertz.berlin\/fr\/wp-content\/uploads\/sites\/10\/2021\/02\/unnamed2.jpg\">\r\n\t\t\t\t\t<img class=\"msacwl-img\"  src=\"https:\/\/evelyn-kuwertz.berlin\/fr\/wp-content\/uploads\/sites\/10\/2021\/02\/unnamed2.jpg\" data-title=\"Mouvement 2018\" alt=\"Mouvement 2018, 180\/70 cm, fusain, acrylique, huile \/ toile\" \/>\r\n\t\t\t\t<\/a>\r\n\t\t\t\t\t\t\t\t\t<div class=\"msacwl-gallery-caption\">\r\n\t\t\t\t\t\t\t\t\t\t\t\t\t<span class=\"image_title\">Mouvement 2018<\/span>\r\n\t\t\t\t\t\t\t\t\t\t\t\t\t<span>180\/70 cm, fusain, acrylique, huile \/ toile<\/span>\r\n\t\t\t\t\t\t \t\t\t\t\t<\/div>\r\n\t\t\t\t\t\t\t<\/div>\r\n\t\t\t\t\t\t\t\t\t<div class=\"msacwl-slide\" data-item-index=\"13\" style='height:600px;'>\r\n\t\t\t\t<a class=\"msacwl-img-link\" href=\"javascript:void(0);\" data-mfp-src=\"https:\/\/evelyn-kuwertz.berlin\/fr\/wp-content\/uploads\/sites\/10\/2021\/01\/15-Bewegung-Stadt-scaled.jpg\">\r\n\t\t\t\t\t<img class=\"msacwl-img\"  src=\"https:\/\/evelyn-kuwertz.berlin\/fr\/wp-content\/uploads\/sites\/10\/2021\/01\/15-Bewegung-Stadt-scaled.jpg\" data-title=\"Mouvement Ville 2015\" alt=\"Mouvement Ville 2015, 175\/75 cm, crayons de couleur, huile \/ papiercalque\" \/>\r\n\t\t\t\t<\/a>\r\n\t\t\t\t\t\t\t\t\t<div class=\"msacwl-gallery-caption\">\r\n\t\t\t\t\t\t\t\t\t\t\t\t\t<span class=\"image_title\">Mouvement Ville 2015<\/span>\r\n\t\t\t\t\t\t\t\t\t\t\t\t\t<span>175\/75 cm, crayons de couleur, huile \/ papiercalque<\/span>\r\n\t\t\t\t\t\t \t\t\t\t\t<\/div>\r\n\t\t\t\t\t\t\t<\/div>\r\n\t\t\t\t\t\t\t\t\t<div class=\"msacwl-slide\" data-item-index=\"14\" style='height:600px;'>\r\n\t\t\t\t<a class=\"msacwl-img-link\" href=\"javascript:void(0);\" data-mfp-src=\"https:\/\/evelyn-kuwertz.berlin\/fr\/wp-content\/uploads\/sites\/10\/2021\/02\/5.-Bewegung.jpg\">\r\n\t\t\t\t\t<img class=\"msacwl-img\"  src=\"https:\/\/evelyn-kuwertz.berlin\/fr\/wp-content\/uploads\/sites\/10\/2021\/02\/5.-Bewegung.jpg\" data-title=\"Bewegung 1990\" alt=\"Bewegung 1990, 180\/150 cm, gouache \/ papier (B\u00fctten)\" \/>\r\n\t\t\t\t<\/a>\r\n\t\t\t\t\t\t\t\t\t<div class=\"msacwl-gallery-caption\">\r\n\t\t\t\t\t\t\t\t\t\t\t\t\t<span class=\"image_title\">Bewegung 1990<\/span>\r\n\t\t\t\t\t\t\t\t\t\t\t\t\t<span>180\/150 cm, gouache \/ papier (B\u00fctten)<\/span>\r\n\t\t\t\t\t\t \t\t\t\t\t<\/div>\r\n\t\t\t\t\t\t\t<\/div>\r\n\t\t\t\t\t\t\t\t<\/div>\r\n\t<\/div>\r\n\r\n\t<\/div>\n<\/div>\n<\/div>\n<div class=\"mp-row-fluid motopress-row mpce-dsbl-margin-left mpce-dsbl-margin-right\">\n<div class=\"motopress-clmn mp-span12  mpce-dsbl-margin-left mpce-dsbl-margin-right  motopress-space\">\n<div class=\"motopress-space-obj mpce-dsbl-background-image-type mpce-dsbl-background-image mpce-dsbl-background-gradient mpce-dsbl-background-position mpce-dsbl-background-position-x mpce-dsbl-background-position-y mpce-dsbl-background-repeat mpce-dsbl-background-size mpce-dsbl-background-attachment mpce-dsbl-margin-left mpce-dsbl-margin-right mpce-dsbl-background-color mpce-dsbl-border-top-width mpce-dsbl-border-bottom-width mpce-dsbl-border-left-width mpce-dsbl-border-right-width mpce-dsbl-border-top-left-radius mpce-dsbl-border-top-right-radius mpce-dsbl-border-bottom-left-radius mpce-dsbl-border-bottom-right-radius mpce-dsbl-border-style mpce-dsbl-border-color mpce-dsbl-padding-left mpce-dsbl-padding-right mpce-dsbl-margin-top mpce-dsbl-margin-bottom mpce-dsbl-color\"  style=\"min-height: 25px;\" data-min-height=\"25\"><div><\/div><\/div>\n<\/div>\n<\/div>\n","protected":false},"excerpt":{"rendered":"Mouvement L&#8217;homme change, d\u00e9place la ville; change la ville, fait bouger les gens.Ni les gens ni l&#8217;environnement ne sont statiques. Les personnes sont concr\u00e8tes, dessin\u00e9es personnellement et la suggestion de v\u00eatements cr\u00e9e un aspect contemporain. Ce sont des montages de s\u00e9quences de mouvements imbriqu\u00e9s devant des fragments d\u2018architektures urbains. La composition et la structure restent&hellip;&nbsp;<a href=\"https:\/\/evelyn-kuwertz.berlin\/fr\/mouvement\/\" class=\"\" rel=\"bookmark\">Weiterlesen &raquo;<span class=\"screen-reader-text\">Mouvement<\/span><\/a>","protected":false},"author":1,"featured_media":0,"parent":0,"menu_order":0,"comment_status":"closed","ping_status":"closed","template":"","meta":{"neve_meta_sidebar":"","neve_meta_container":"","neve_meta_enable_content_width":"","neve_meta_content_width":0,"neve_meta_title_alignment":"","neve_meta_author_avatar":"","neve_post_elements_order":"","neve_meta_disable_header":"","neve_meta_disable_footer":"","neve_meta_disable_title":""},"_links":{"self":[{"href":"https:\/\/evelyn-kuwertz.berlin\/fr\/wp-json\/wp\/v2\/pages\/33"}],"collection":[{"href":"https:\/\/evelyn-kuwertz.berlin\/fr\/wp-json\/wp\/v2\/pages"}],"about":[{"href":"https:\/\/evelyn-kuwertz.berlin\/fr\/wp-json\/wp\/v2\/types\/page"}],"author":[{"embeddable":true,"href":"https:\/\/evelyn-kuwertz.berlin\/fr\/wp-json\/wp\/v2\/users\/1"}],"replies":[{"embeddable":true,"href":"https:\/\/evelyn-kuwertz.berlin\/fr\/wp-json\/wp\/v2\/comments?post=33"}],"version-history":[{"count":18,"href":"https:\/\/evelyn-kuwertz.berlin\/fr\/wp-json\/wp\/v2\/pages\/33\/revisions"}],"predecessor-version":[{"id":662,"href":"https:\/\/evelyn-kuwertz.berlin\/fr\/wp-json\/wp\/v2\/pages\/33\/revisions\/662"}],"wp:attachment":[{"href":"https:\/\/evelyn-kuwertz.berlin\/fr\/wp-json\/wp\/v2\/media?parent=33"}],"curies":[{"name":"wp","href":"https:\/\/api.w.org\/{rel}","templated":true}]}}