{"id":30,"date":"2020-12-30T18:42:07","date_gmt":"2020-12-30T18:42:07","guid":{"rendered":"https:\/\/evelyn-kuwertz.berlin\/fr\/?page_id=30"},"modified":"2021-03-04T11:13:31","modified_gmt":"2021-03-04T11:13:31","slug":"berlin-divise","status":"publish","type":"page","link":"https:\/\/evelyn-kuwertz.berlin\/fr\/berlin-divise\/","title":{"rendered":"Berlin Divis\u00e9"},"content":{"rendered":"<div class=\"mp-row-fluid motopress-row mpce-dsbl-margin-left mpce-dsbl-margin-right\">\n<div class=\"motopress-clmn mp-span12  mpce-dsbl-margin-left mpce-dsbl-margin-right  motopress-space\">\n<div class=\"motopress-space-obj mpce-dsbl-background-image-type mpce-dsbl-background-image mpce-dsbl-background-gradient mpce-dsbl-background-position mpce-dsbl-background-position-x mpce-dsbl-background-position-y mpce-dsbl-background-repeat mpce-dsbl-background-size mpce-dsbl-background-attachment mpce-dsbl-margin-left mpce-dsbl-margin-right mpce-dsbl-background-color mpce-dsbl-border-top-width mpce-dsbl-border-bottom-width mpce-dsbl-border-left-width mpce-dsbl-border-right-width mpce-dsbl-border-top-left-radius mpce-dsbl-border-top-right-radius mpce-dsbl-border-bottom-left-radius mpce-dsbl-border-bottom-right-radius mpce-dsbl-border-style mpce-dsbl-border-color mpce-dsbl-padding-left mpce-dsbl-padding-right mpce-dsbl-margin-top mpce-dsbl-margin-bottom mpce-dsbl-color\"  style=\"min-height: 25px;\" data-min-height=\"25\"><div><\/div><\/div>\n<\/div>\n<\/div>\n<div class=\"mp-row-fluid motopress-row mpce-dsbl-margin-left mpce-dsbl-margin-right\">\n<div class=\"motopress-clmn mp-span12  mpce-dsbl-margin-left mpce-dsbl-margin-right\">\n<div class=\"mp-row-fluid motopress-row mpce-dsbl-margin-left mpce-dsbl-margin-right\">\n<div class=\"motopress-clmn mp-span12 mpce-dsbl-margin-left mpce-dsbl-margin-right\">\n<div class=\"motopress-code-obj\">\n<h2><span style=\"color: #708076;\">Berlin Divis\u00e9 1979-1989<\/span><\/h2>\n<\/div>\n<\/div>\n<\/div>\n<div class=\"mp-row-fluid motopress-row mpce-dsbl-margin-left mpce-dsbl-margin-right\">\n<div class=\"motopress-clmn mp-span12 mpce-dsbl-margin-left mpce-dsbl-margin-right  motopress-space\">\n<div class=\"motopress-space-obj mpce-dsbl-background-image-type mpce-dsbl-background-image mpce-dsbl-background-gradient mpce-dsbl-background-position mpce-dsbl-background-position-x mpce-dsbl-background-position-y mpce-dsbl-background-repeat mpce-dsbl-background-size mpce-dsbl-background-attachment mpce-dsbl-margin-left mpce-dsbl-margin-right mpce-dsbl-background-color mpce-dsbl-border-top-width mpce-dsbl-border-bottom-width mpce-dsbl-border-left-width mpce-dsbl-border-right-width mpce-dsbl-border-top-left-radius mpce-dsbl-border-top-right-radius mpce-dsbl-border-bottom-left-radius mpce-dsbl-border-bottom-right-radius mpce-dsbl-border-style mpce-dsbl-border-color mpce-dsbl-padding-left mpce-dsbl-padding-right mpce-dsbl-margin-top mpce-dsbl-margin-bottom mpce-dsbl-color\"  style=\"min-height: 25px;\" data-min-height=\"25\"><div><\/div><\/div>\n<\/div>\n<\/div>\n<\/div>\n<\/div>\n<div class=\"mp-row-fluid motopress-row mpce-dsbl-margin-left mpce-dsbl-margin-right\">\n<div class=\"motopress-clmn mp-span12  mpce-dsbl-margin-left mpce-dsbl-margin-right\">\n<div class=\"mp-row-fluid motopress-row mpce-dsbl-margin-left mpce-dsbl-margin-right\">\n<div class=\"motopress-clmn mp-span12 mpce-dsbl-margin-left mpce-dsbl-margin-right\">\n<div class=\"motopress-embed-obj fill-space\"><i>Evelyn Kuwertz a grandi \u00e0 Berlin dans la r\u00e9riode d\u2018apr\u00e8s-guerre et elle a v\u00e9cu l\u2018\u00e9poque des ruines et de la reconstruction ainsi que la construction du mur. Peut-\u00eatre est-ce inconsciemment qu\u2018elle s\u2018est depuis attach\u00e9e au caract\u00e8re significatif, \u00e0 la valeur symbolique d\u2018endroits concrets. Elle consid\u00e8re sa ville avec un regard engag\u00e9.<\/i><br><br> INGEBORG RUTHE, critique d\u2018art, Berliner Zeitung<\/div>\n<\/div>\n<\/div>\n<div class=\"mp-row-fluid motopress-row mpce-dsbl-margin-left mpce-dsbl-margin-right\">\n<div class=\"motopress-clmn mp-span12 mpce-dsbl-margin-left mpce-dsbl-margin-right  motopress-space\">\n<div class=\"motopress-space-obj mpce-dsbl-background-image-type mpce-dsbl-background-image mpce-dsbl-background-gradient mpce-dsbl-background-position mpce-dsbl-background-position-x mpce-dsbl-background-position-y mpce-dsbl-background-repeat mpce-dsbl-background-size mpce-dsbl-background-attachment mpce-dsbl-margin-left mpce-dsbl-margin-right mpce-dsbl-background-color mpce-dsbl-border-top-width mpce-dsbl-border-bottom-width mpce-dsbl-border-left-width mpce-dsbl-border-right-width mpce-dsbl-border-top-left-radius mpce-dsbl-border-top-right-radius mpce-dsbl-border-bottom-left-radius mpce-dsbl-border-bottom-right-radius mpce-dsbl-border-style mpce-dsbl-border-color mpce-dsbl-padding-left mpce-dsbl-padding-right mpce-dsbl-margin-top mpce-dsbl-margin-bottom mpce-dsbl-color\"  style=\"min-height: 25px;\" data-min-height=\"25\"><div><\/div><\/div>\n<\/div>\n<\/div>\n<\/div>\n<\/div>\n<div class=\"mp-row-fluid motopress-row mpce-dsbl-margin-left mpce-dsbl-margin-right\">\n<div class=\"motopress-clmn mp-span6  mpce-dsbl-margin-left mpce-dsbl-margin-right\">\n<div class=\"motopress-code-obj\">\n<div class=\"page\" title=\"Page 2\">\n<div class=\"section\">\n<div class=\"layoutArea\">\n<div class=\"column\">\n<p>1979 la ville BERLIN-OUEST sera le th\u00e9me permanent: J\u2018ai d\u00e9couvert un sujet typique de la grande ville le U-et S-Metro. Ils d\u00e9montrent la situation politique et sociale de la ville divis\u00e9e. On sent les gens inquiets et enferm\u00e9s mais dans cette atmosph\u00e8re il y a un bouillonnement d\u2018id\u00e9es non-conventionelles.<br \/>Les grandes gares Hallesches Tor, Kottbusser Tor et Gleisdreieck pr\u00e9sentent la vie urbaine des ann\u00e9es 80. \u00c0 l\u2018inverse dans les gares S-Bahnh\u00f6fen Sch\u00f6neberg et Friedrichstra\u00dfe les gens seront non personalis\u00e9s et beaucoup plus rares. Elles etaient les centres de la circulation de la metropole maintenant elles somnolent. On sent la division de la ville.<\/p>\n<\/div>\n<\/div>\n<\/div>\n<\/div>\n<\/div>\n<\/div>\n<div class=\"motopress-clmn mp-span6  mpce-dsbl-margin-left mpce-dsbl-margin-right\">\n<div class=\"motopress-embed-obj\">\r\n\t<div class=\"msacwl-slider-wrap msacwl-row-clearfix \" data-conf=\"{&quot;autoplay&quot;:&quot;false&quot;,&quot;autoplay_speed&quot;:3000,&quot;speed&quot;:300,&quot;arrows&quot;:&quot;true&quot;,&quot;dots&quot;:&quot;true&quot;,&quot;lazyload&quot;:&quot;&quot;}\">\r\n\t\t<div id=\"msacwl-slider-1\" class=\"msacwl-slider msacwl-common-slider msacwl-slider-popup\">\r\n\t\t\t\t\t\t<div class=\"msacwl-slide\" data-item-index=\"1\" >\r\n\t\t\t\t<a class=\"msacwl-img-link\" href=\"javascript:void(0);\" data-mfp-src=\"https:\/\/evelyn-kuwertz.berlin\/fr\/wp-content\/uploads\/sites\/10\/2021\/01\/1-U-gleisdreieck-79-scaled.jpg\">\r\n\t\t\t\t\t<img class=\"msacwl-img\"  src=\"https:\/\/evelyn-kuwertz.berlin\/fr\/wp-content\/uploads\/sites\/10\/2021\/01\/1-U-gleisdreieck-79-scaled.jpg\" data-title=\"Station Gleisdreieck 1979\" alt=\"Station Gleisdreieck 1979, 90\/150 cm, acrylique, huiel \/ toile\" \/>\r\n\t\t\t\t<\/a>\r\n\t\t\t\t\t\t\t\t\t<div class=\"msacwl-gallery-caption\">\r\n\t\t\t\t\t\t\t\t\t\t\t\t\t<span class=\"image_title\">Station Gleisdreieck 1979<\/span>\r\n\t\t\t\t\t\t\t\t\t\t\t\t\t<span>90\/150 cm, acrylique, huiel \/ toile<\/span>\r\n\t\t\t\t\t\t \t\t\t\t\t<\/div>\r\n\t\t\t\t\t\t\t<\/div>\r\n\t\t\t\t\t\t\t\t\t<div class=\"msacwl-slide\" data-item-index=\"2\" >\r\n\t\t\t\t<a class=\"msacwl-img-link\" href=\"javascript:void(0);\" data-mfp-src=\"https:\/\/evelyn-kuwertz.berlin\/fr\/wp-content\/uploads\/sites\/10\/2021\/01\/2-S-Friedrichstrasse-80-scaled.jpg\">\r\n\t\t\t\t\t<img class=\"msacwl-img\"  src=\"https:\/\/evelyn-kuwertz.berlin\/fr\/wp-content\/uploads\/sites\/10\/2021\/01\/2-S-Friedrichstrasse-80-scaled.jpg\" data-title=\"Station Friedrichstrasse 1980\" alt=\"Station Friedrichstrasse 1980, 80\/120 cm, acrylique \/ papier B\u00fctten\" \/>\r\n\t\t\t\t<\/a>\r\n\t\t\t\t\t\t\t\t\t<div class=\"msacwl-gallery-caption\">\r\n\t\t\t\t\t\t\t\t\t\t\t\t\t<span class=\"image_title\">Station Friedrichstrasse 1980<\/span>\r\n\t\t\t\t\t\t\t\t\t\t\t\t\t<span>80\/120 cm, acrylique \/ papier B\u00fctten<\/span>\r\n\t\t\t\t\t\t \t\t\t\t\t<\/div>\r\n\t\t\t\t\t\t\t<\/div>\r\n\t\t\t\t\t\t\t\t\t<div class=\"msacwl-slide\" data-item-index=\"3\" >\r\n\t\t\t\t<a class=\"msacwl-img-link\" href=\"javascript:void(0);\" data-mfp-src=\"https:\/\/evelyn-kuwertz.berlin\/fr\/wp-content\/uploads\/sites\/10\/2021\/01\/3-Selbst-Rolltreppe-82-scaled.jpg\">\r\n\t\t\t\t\t<img class=\"msacwl-img\"  src=\"https:\/\/evelyn-kuwertz.berlin\/fr\/wp-content\/uploads\/sites\/10\/2021\/01\/3-Selbst-Rolltreppe-82-scaled.jpg\" data-title=\"Autoportrait Station Kottbusser Tor 1982\" alt=\"Autoportrait Station Kottbusser Tor 1982, 100\/200 cm, craies, aquarelle \/ toile\" \/>\r\n\t\t\t\t<\/a>\r\n\t\t\t\t\t\t\t\t\t<div class=\"msacwl-gallery-caption\">\r\n\t\t\t\t\t\t\t\t\t\t\t\t\t<span class=\"image_title\">Autoportrait Station Kottbusser Tor 1982<\/span>\r\n\t\t\t\t\t\t\t\t\t\t\t\t\t<span>100\/200 cm, craies, aquarelle \/ toile<\/span>\r\n\t\t\t\t\t\t \t\t\t\t\t<\/div>\r\n\t\t\t\t\t\t\t<\/div>\r\n\t\t\t\t\t\t\t\t\t<div class=\"msacwl-slide\" data-item-index=\"4\" >\r\n\t\t\t\t<a class=\"msacwl-img-link\" href=\"javascript:void(0);\" data-mfp-src=\"https:\/\/evelyn-kuwertz.berlin\/fr\/wp-content\/uploads\/sites\/10\/2021\/01\/4-U-Bhf-kottbusser-Tor-1983-scaled.jpg\">\r\n\t\t\t\t\t<img class=\"msacwl-img\"  src=\"https:\/\/evelyn-kuwertz.berlin\/fr\/wp-content\/uploads\/sites\/10\/2021\/01\/4-U-Bhf-kottbusser-Tor-1983-scaled.jpg\" data-title=\"Station Kottbusser Tor 1983\" alt=\"Station Kottbusser Tor 1983, 140\/70 cm, acrylique, huile \/ toile\" \/>\r\n\t\t\t\t<\/a>\r\n\t\t\t\t\t\t\t\t\t<div class=\"msacwl-gallery-caption\">\r\n\t\t\t\t\t\t\t\t\t\t\t\t\t<span class=\"image_title\">Station Kottbusser Tor 1983<\/span>\r\n\t\t\t\t\t\t\t\t\t\t\t\t\t<span>140\/70 cm, acrylique, huile \/ toile<\/span>\r\n\t\t\t\t\t\t \t\t\t\t\t<\/div>\r\n\t\t\t\t\t\t\t<\/div>\r\n\t\t\t\t\t\t\t\t\t<div class=\"msacwl-slide\" data-item-index=\"5\" >\r\n\t\t\t\t<a class=\"msacwl-img-link\" href=\"javascript:void(0);\" data-mfp-src=\"https:\/\/evelyn-kuwertz.berlin\/fr\/wp-content\/uploads\/sites\/10\/2021\/01\/5-S-Bahnfahrt-83.jpg\">\r\n\t\t\t\t\t<img class=\"msacwl-img\"  src=\"https:\/\/evelyn-kuwertz.berlin\/fr\/wp-content\/uploads\/sites\/10\/2021\/01\/5-S-Bahnfahrt-83.jpg\" data-title=\"Balade en S-Bahn 1983\" alt=\"Balade en S-Bahn 1983, 90\/130cm, tempera, huile \/ toile\" \/>\r\n\t\t\t\t<\/a>\r\n\t\t\t\t\t\t\t\t\t<div class=\"msacwl-gallery-caption\">\r\n\t\t\t\t\t\t\t\t\t\t\t\t\t<span class=\"image_title\">Balade en S-Bahn 1983<\/span>\r\n\t\t\t\t\t\t\t\t\t\t\t\t\t<span>90\/130cm, tempera, huile \/ toile<\/span>\r\n\t\t\t\t\t\t \t\t\t\t\t<\/div>\r\n\t\t\t\t\t\t\t<\/div>\r\n\t\t\t\t\t\t\t\t\t<div class=\"msacwl-slide\" data-item-index=\"6\" >\r\n\t\t\t\t<a class=\"msacwl-img-link\" href=\"javascript:void(0);\" data-mfp-src=\"https:\/\/evelyn-kuwertz.berlin\/fr\/wp-content\/uploads\/sites\/10\/2021\/01\/6-Bunker-83-scaled.jpg\">\r\n\t\t\t\t\t<img class=\"msacwl-img\"  src=\"https:\/\/evelyn-kuwertz.berlin\/fr\/wp-content\/uploads\/sites\/10\/2021\/01\/6-Bunker-83-scaled.jpg\" data-title=\"Bunker Nucl\u00e9aire 1983\" alt=\"Bunker Nucl\u00e9aire 1983, 100\/70 cm, acrylique, huile \/ toile\" \/>\r\n\t\t\t\t<\/a>\r\n\t\t\t\t\t\t\t\t\t<div class=\"msacwl-gallery-caption\">\r\n\t\t\t\t\t\t\t\t\t\t\t\t\t<span class=\"image_title\">Bunker Nucl\u00e9aire 1983<\/span>\r\n\t\t\t\t\t\t\t\t\t\t\t\t\t<span>100\/70 cm, acrylique, huile \/ toile<\/span>\r\n\t\t\t\t\t\t \t\t\t\t\t<\/div>\r\n\t\t\t\t\t\t\t<\/div>\r\n\t\t\t\t\t\t\t\t\t<div class=\"msacwl-slide\" data-item-index=\"7\" >\r\n\t\t\t\t<a class=\"msacwl-img-link\" href=\"javascript:void(0);\" data-mfp-src=\"https:\/\/evelyn-kuwertz.berlin\/fr\/wp-content\/uploads\/sites\/10\/2021\/02\/unnamed.jpg\">\r\n\t\t\t\t\t<img class=\"msacwl-img\"  src=\"https:\/\/evelyn-kuwertz.berlin\/fr\/wp-content\/uploads\/sites\/10\/2021\/02\/unnamed.jpg\" data-title=\"Bunker Nucl\u00e9aire - Kudammkarree Berlin\u00a01984\" alt=\"Bunker Nucl\u00e9aire - Kudammkarree Berlin 1984, 100\/140 cm, tempera, huile 7 toile\" \/>\r\n\t\t\t\t<\/a>\r\n\t\t\t\t\t\t\t\t\t<div class=\"msacwl-gallery-caption\">\r\n\t\t\t\t\t\t\t\t\t\t\t\t\t<span class=\"image_title\">Bunker Nucl\u00e9aire - Kudammkarree Berlin\u00a01984<\/span>\r\n\t\t\t\t\t\t\t\t\t\t\t\t\t<span>100\/140 cm, tempera, huile 7 toile<\/span>\r\n\t\t\t\t\t\t \t\t\t\t\t<\/div>\r\n\t\t\t\t\t\t\t<\/div>\r\n\t\t\t\t\t\t\t\t\t<div class=\"msacwl-slide\" data-item-index=\"8\" >\r\n\t\t\t\t<a class=\"msacwl-img-link\" href=\"javascript:void(0);\" data-mfp-src=\"https:\/\/evelyn-kuwertz.berlin\/fr\/wp-content\/uploads\/sites\/10\/2021\/01\/8-A.Bunker-84.-scaled.jpg\">\r\n\t\t\t\t\t<img class=\"msacwl-img\"  src=\"https:\/\/evelyn-kuwertz.berlin\/fr\/wp-content\/uploads\/sites\/10\/2021\/01\/8-A.Bunker-84.-scaled.jpg\" data-title=\"Bunker Nucl\u00e9aire 1984\" alt=\"Bunker Nucl\u00e9aire 1984, 100\/130cm, tempera, huile \/ toile\" \/>\r\n\t\t\t\t<\/a>\r\n\t\t\t\t\t\t\t\t\t<div class=\"msacwl-gallery-caption\">\r\n\t\t\t\t\t\t\t\t\t\t\t\t\t<span class=\"image_title\">Bunker Nucl\u00e9aire 1984<\/span>\r\n\t\t\t\t\t\t\t\t\t\t\t\t\t<span>100\/130cm, tempera, huile \/ toile<\/span>\r\n\t\t\t\t\t\t \t\t\t\t\t<\/div>\r\n\t\t\t\t\t\t\t<\/div>\r\n\t\t\t\t\t\t\t\t\t<div class=\"msacwl-slide\" data-item-index=\"9\" >\r\n\t\t\t\t<a class=\"msacwl-img-link\" href=\"javascript:void(0);\" data-mfp-src=\"https:\/\/evelyn-kuwertz.berlin\/fr\/wp-content\/uploads\/sites\/10\/2021\/01\/9-H.Tor-85-scaled.jpg\">\r\n\t\t\t\t\t<img class=\"msacwl-img\"  src=\"https:\/\/evelyn-kuwertz.berlin\/fr\/wp-content\/uploads\/sites\/10\/2021\/01\/9-H.Tor-85-scaled.jpg\" data-title=\"Station Hallesches Tor 1983\" alt=\"Station Hallesches Tor 1983, 80\/120 cm, aquarelle \/ papier B\u00fctten\" \/>\r\n\t\t\t\t<\/a>\r\n\t\t\t\t\t\t\t\t\t<div class=\"msacwl-gallery-caption\">\r\n\t\t\t\t\t\t\t\t\t\t\t\t\t<span class=\"image_title\">Station Hallesches Tor 1983<\/span>\r\n\t\t\t\t\t\t\t\t\t\t\t\t\t<span>80\/120 cm, aquarelle \/ papier B\u00fctten<\/span>\r\n\t\t\t\t\t\t \t\t\t\t\t<\/div>\r\n\t\t\t\t\t\t\t<\/div>\r\n\t\t\t\t\t\t\t\t\t<div class=\"msacwl-slide\" data-item-index=\"10\" >\r\n\t\t\t\t<a class=\"msacwl-img-link\" href=\"javascript:void(0);\" data-mfp-src=\"https:\/\/evelyn-kuwertz.berlin\/fr\/wp-content\/uploads\/sites\/10\/2021\/01\/10-U-Hallesches-Tor-85-scaled.jpg\">\r\n\t\t\t\t\t<img class=\"msacwl-img\"  src=\"https:\/\/evelyn-kuwertz.berlin\/fr\/wp-content\/uploads\/sites\/10\/2021\/01\/10-U-Hallesches-Tor-85-scaled.jpg\" data-title=\"Station Hallesches Tor 1983\" alt=\"Station Hallesches Tor 1983, 80\/100 cm, aquarelle, tempera \/ papier\" \/>\r\n\t\t\t\t<\/a>\r\n\t\t\t\t\t\t\t\t\t<div class=\"msacwl-gallery-caption\">\r\n\t\t\t\t\t\t\t\t\t\t\t\t\t<span class=\"image_title\">Station Hallesches Tor 1983<\/span>\r\n\t\t\t\t\t\t\t\t\t\t\t\t\t<span>80\/100 cm, aquarelle, tempera \/ papier<\/span>\r\n\t\t\t\t\t\t \t\t\t\t\t<\/div>\r\n\t\t\t\t\t\t\t<\/div>\r\n\t\t\t\t\t\t\t\t\t<div class=\"msacwl-slide\" data-item-index=\"11\" >\r\n\t\t\t\t<a class=\"msacwl-img-link\" href=\"javascript:void(0);\" data-mfp-src=\"https:\/\/evelyn-kuwertz.berlin\/fr\/wp-content\/uploads\/sites\/10\/2021\/01\/11Wien-Bahnhof-86-scaled.jpg\">\r\n\t\t\t\t\t<img class=\"msacwl-img\"  src=\"https:\/\/evelyn-kuwertz.berlin\/fr\/wp-content\/uploads\/sites\/10\/2021\/01\/11Wien-Bahnhof-86-scaled.jpg\" data-title=\"Station Vienne 1986\" alt=\"Station Vienne 1986, 100\/200cm, Aquarell, Gouache \/ Papier\" \/>\r\n\t\t\t\t<\/a>\r\n\t\t\t\t\t\t\t\t\t<div class=\"msacwl-gallery-caption\">\r\n\t\t\t\t\t\t\t\t\t\t\t\t\t<span class=\"image_title\">Station Vienne 1986<\/span>\r\n\t\t\t\t\t\t\t\t\t\t\t\t\t<span>100\/200cm, Aquarell, Gouache \/ Papier<\/span>\r\n\t\t\t\t\t\t \t\t\t\t\t<\/div>\r\n\t\t\t\t\t\t\t<\/div>\r\n\t\t\t\t\t\t\t\t<\/div>\r\n\t<\/div>\r\n\r\n\t<\/div>\n<\/div>\n<\/div>\n<div class=\"mp-row-fluid motopress-row mpce-dsbl-margin-left mpce-dsbl-margin-right\">\n<div class=\"motopress-clmn mp-span12  mpce-dsbl-margin-left mpce-dsbl-margin-right  motopress-space\">\n<div class=\"motopress-space-obj mpce-dsbl-background-image-type mpce-dsbl-background-image mpce-dsbl-background-gradient mpce-dsbl-background-position mpce-dsbl-background-position-x mpce-dsbl-background-position-y mpce-dsbl-background-repeat mpce-dsbl-background-size mpce-dsbl-background-attachment mpce-dsbl-margin-left mpce-dsbl-margin-right mpce-dsbl-background-color mpce-dsbl-border-top-width mpce-dsbl-border-bottom-width mpce-dsbl-border-left-width mpce-dsbl-border-right-width mpce-dsbl-border-top-left-radius mpce-dsbl-border-top-right-radius mpce-dsbl-border-bottom-left-radius mpce-dsbl-border-bottom-right-radius mpce-dsbl-border-style mpce-dsbl-border-color mpce-dsbl-padding-left mpce-dsbl-padding-right mpce-dsbl-margin-top mpce-dsbl-margin-bottom mpce-dsbl-color\"  style=\"min-height: 35px;\" data-min-height=\"35\"><div><\/div><\/div>\n<\/div>\n<\/div>\n<div class=\"mp-row-fluid motopress-row mpce-dsbl-margin-left mpce-dsbl-margin-right\">\n<div class=\"motopress-clmn mp-span12  mpce-dsbl-margin-left mpce-dsbl-margin-right\">\n<div class=\"mp-row-fluid motopress-row mpce-dsbl-margin-left mpce-dsbl-margin-right\">\n<div class=\"motopress-clmn mp-span12 mpce-dsbl-margin-left mpce-dsbl-margin-right\">\n<div class=\"motopress-embed-obj fill-space\"><i>C'est aussi Berlin: cool et observ\u00e9 de pr\u00e8s, compos\u00e9 avec pr\u00e9cision, li\u00e9 \u00e0 la sc\u00e8ne m\u00e9lancolique \u00e0 Manhattan d'Edward Hopper. L'expressivit\u00e9 d'Evelyn Kuwertz, \u00e0 l'instar de l'Am\u00e9ricaine, se dispense d'une tendance frappante. Ses images parlent d'elles-m\u00eames - obs\u00e9dantes, mais discr\u00e8tes dans un langage discret qui ne cache pourtant rien, surtout pas le tragique d'une ville divis\u00e9e: par ex. Fin de la ligne \u00e0 Friedrichstrasse.<\/i><br><br> Berliner Morgenpost, 13.11.2008<\/div>\n<\/div>\n<\/div>\n<div class=\"mp-row-fluid motopress-row mpce-dsbl-margin-left mpce-dsbl-margin-right\">\n<div class=\"motopress-clmn mp-span12 mpce-dsbl-margin-left mpce-dsbl-margin-right  motopress-space\">\n<div class=\"motopress-space-obj mpce-dsbl-background-image-type mpce-dsbl-background-image mpce-dsbl-background-gradient mpce-dsbl-background-position mpce-dsbl-background-position-x mpce-dsbl-background-position-y mpce-dsbl-background-repeat mpce-dsbl-background-size mpce-dsbl-background-attachment mpce-dsbl-margin-left mpce-dsbl-margin-right mpce-dsbl-background-color mpce-dsbl-border-top-width mpce-dsbl-border-bottom-width mpce-dsbl-border-left-width mpce-dsbl-border-right-width mpce-dsbl-border-top-left-radius mpce-dsbl-border-top-right-radius mpce-dsbl-border-bottom-left-radius mpce-dsbl-border-bottom-right-radius mpce-dsbl-border-style mpce-dsbl-border-color mpce-dsbl-padding-left mpce-dsbl-padding-right mpce-dsbl-margin-top mpce-dsbl-margin-bottom mpce-dsbl-color\"  style=\"min-height: 25px;\" data-min-height=\"25\"><div><\/div><\/div>\n<\/div>\n<\/div>\n<\/div>\n<\/div>\n","protected":false},"excerpt":{"rendered":"Berlin Divis\u00e9 1979-1989 Evelyn Kuwertz a grandi \u00e0 Berlin dans la r\u00e9riode d\u2018apr\u00e8s-guerre et elle a v\u00e9cu l\u2018\u00e9poque des ruines et de la reconstruction ainsi que la construction du mur. Peut-\u00eatre est-ce inconsciemment qu\u2018elle s\u2018est depuis attach\u00e9e au caract\u00e8re significatif, \u00e0 la valeur symbolique d\u2018endroits concrets. Elle consid\u00e8re sa ville avec un regard engag\u00e9. INGEBORG&hellip;&nbsp;<a href=\"https:\/\/evelyn-kuwertz.berlin\/fr\/berlin-divise\/\" class=\"\" rel=\"bookmark\">Weiterlesen &raquo;<span class=\"screen-reader-text\">Berlin Divis\u00e9<\/span><\/a>","protected":false},"author":1,"featured_media":0,"parent":0,"menu_order":0,"comment_status":"closed","ping_status":"closed","template":"","meta":{"neve_meta_sidebar":"","neve_meta_container":"","neve_meta_enable_content_width":"","neve_meta_content_width":0,"neve_meta_title_alignment":"","neve_meta_author_avatar":"","neve_post_elements_order":"","neve_meta_disable_header":"","neve_meta_disable_footer":"","neve_meta_disable_title":""},"_links":{"self":[{"href":"https:\/\/evelyn-kuwertz.berlin\/fr\/wp-json\/wp\/v2\/pages\/30"}],"collection":[{"href":"https:\/\/evelyn-kuwertz.berlin\/fr\/wp-json\/wp\/v2\/pages"}],"about":[{"href":"https:\/\/evelyn-kuwertz.berlin\/fr\/wp-json\/wp\/v2\/types\/page"}],"author":[{"embeddable":true,"href":"https:\/\/evelyn-kuwertz.berlin\/fr\/wp-json\/wp\/v2\/users\/1"}],"replies":[{"embeddable":true,"href":"https:\/\/evelyn-kuwertz.berlin\/fr\/wp-json\/wp\/v2\/comments?post=30"}],"version-history":[{"count":42,"href":"https:\/\/evelyn-kuwertz.berlin\/fr\/wp-json\/wp\/v2\/pages\/30\/revisions"}],"predecessor-version":[{"id":699,"href":"https:\/\/evelyn-kuwertz.berlin\/fr\/wp-json\/wp\/v2\/pages\/30\/revisions\/699"}],"wp:attachment":[{"href":"https:\/\/evelyn-kuwertz.berlin\/fr\/wp-json\/wp\/v2\/media?parent=30"}],"curies":[{"name":"wp","href":"https:\/\/api.w.org\/{rel}","templated":true}]}}