{"id":55,"date":"2020-12-30T19:00:15","date_gmt":"2020-12-30T19:00:15","guid":{"rendered":"https:\/\/evelyn-kuwertz.berlin\/en\/?page_id=55"},"modified":"2021-03-08T08:23:43","modified_gmt":"2021-03-08T08:23:43","slug":"cv","status":"publish","type":"page","link":"https:\/\/evelyn-kuwertz.berlin\/en\/cv\/","title":{"rendered":"CV"},"content":{"rendered":"<div class=\"mp-row-fluid motopress-row mpce-dsbl-margin-left mpce-dsbl-margin-right\">\n<div class=\"motopress-clmn mp-span12  mpce-dsbl-margin-left mpce-dsbl-margin-right\">\n<div class=\"mp-row-fluid motopress-row mpce-dsbl-margin-left mpce-dsbl-margin-right\">\n<div class=\"motopress-clmn mp-span12 mpce-dsbl-margin-left mpce-dsbl-margin-right  motopress-space\">\n<div class=\"motopress-space-obj mpce-dsbl-background-image-type mpce-dsbl-background-image mpce-dsbl-background-gradient mpce-dsbl-background-position mpce-dsbl-background-position-x mpce-dsbl-background-position-y mpce-dsbl-background-repeat mpce-dsbl-background-size mpce-dsbl-background-attachment mpce-dsbl-margin-left mpce-dsbl-margin-right mpce-dsbl-background-color mpce-dsbl-border-top-width mpce-dsbl-border-bottom-width mpce-dsbl-border-left-width mpce-dsbl-border-right-width mpce-dsbl-border-top-left-radius mpce-dsbl-border-top-right-radius mpce-dsbl-border-bottom-left-radius mpce-dsbl-border-bottom-right-radius mpce-dsbl-border-style mpce-dsbl-border-color mpce-dsbl-padding-left mpce-dsbl-padding-right mpce-dsbl-margin-top mpce-dsbl-margin-bottom mpce-dsbl-color\"  style=\"min-height: 25px;\" data-min-height=\"25\"><div><\/div><\/div>\n<\/div>\n<\/div>\n<div class=\"mp-row-fluid motopress-row mpce-dsbl-margin-left mpce-dsbl-margin-right\">\n<div class=\"motopress-clmn mp-span12 mpce-dsbl-margin-left mpce-dsbl-margin-right\">\n<div class=\"motopress-code-obj\">\n<h2>Evelyn Kuwertz\u00a0<\/h2>\n<\/div>\n<\/div>\n<\/div>\n<div class=\"mp-row-fluid motopress-row mpce-dsbl-margin-left mpce-dsbl-margin-right\">\n<div class=\"motopress-clmn mp-span12 mpce-dsbl-margin-left mpce-dsbl-margin-right\">\n<div class=\"motopress-image-obj motopress-text-align-left\"><img src=\"https:\/\/evelyn-kuwertz.berlin\/en\/wp-content\/uploads\/sites\/9\/2021\/01\/Evelyn-Kuwertz-Foto-der-Berliner-Zeitung.jpeg\" title=\"Evelyn Kuwertz, Foto der Berliner Zeitung\" alt=\"Evelyn Kuwertz, Foto der Berliner Zeitung\" class=\"motopress-image-obj-basic mpce-dsbl-margin-left mpce-dsbl-margin-right mpce-dsbl-margin-top mpce-dsbl-margin-bottom\" \/><\/div>\n<\/div>\n<\/div>\n<div class=\"mp-row-fluid motopress-row mpce-dsbl-margin-left mpce-dsbl-margin-right\">\n<div class=\"motopress-clmn mp-span12 mpce-dsbl-margin-left mpce-dsbl-margin-right  motopress-space\">\n<div class=\"motopress-space-obj mpce-dsbl-background-image-type mpce-dsbl-background-image mpce-dsbl-background-gradient mpce-dsbl-background-position mpce-dsbl-background-position-x mpce-dsbl-background-position-y mpce-dsbl-background-repeat mpce-dsbl-background-size mpce-dsbl-background-attachment mpce-dsbl-margin-left mpce-dsbl-margin-right mpce-dsbl-background-color mpce-dsbl-border-top-width mpce-dsbl-border-bottom-width mpce-dsbl-border-left-width mpce-dsbl-border-right-width mpce-dsbl-border-top-left-radius mpce-dsbl-border-top-right-radius mpce-dsbl-border-bottom-left-radius mpce-dsbl-border-bottom-right-radius mpce-dsbl-border-style mpce-dsbl-border-color mpce-dsbl-padding-left mpce-dsbl-padding-right mpce-dsbl-margin-top mpce-dsbl-margin-bottom mpce-dsbl-color\"  style=\"min-height: 25px;\" data-min-height=\"25\"><div><\/div><\/div>\n<\/div>\n<\/div>\n<\/div>\n<\/div>\n<div class=\"mp-row-fluid motopress-row mpce-dsbl-margin-left mpce-dsbl-margin-right\">\n<div class=\"motopress-clmn mp-span12  mpce-dsbl-margin-left mpce-dsbl-margin-right\">\n<div class=\"mp-row-fluid motopress-row mpce-dsbl-margin-left mpce-dsbl-margin-right\">\n<div class=\"motopress-clmn mp-span12 mpce-dsbl-margin-left mpce-dsbl-margin-right\">\n<div class=\"motopress-code-obj\">\n<h3><strong>Biographical Date<\/strong><\/h3>\n<p>Born in Austria, the German painter Evelyn Kuwertz studied at the University of the Arts, Berlin. She lives and works in Berlin and, since 2000, also in southwest France. Her works are held in public and private collections in Germany and France. Exhibitions have been devoted to her work since 1980, in Germany and abroad.<\/p>\n<p>Evelyn Kuwertz was engaged in the 70\u2018s and 80\u2018s with the equal esteem and perception of women artits.<br \/>1973 During her study she formed the feminist Exhibition &#8211; SITUATION OF THE WOMEN IN FAMILY AND SOCIETY-. A teamwork an environment should be exposed in Berlin, it was forbitten by the senator for education Gerd L\u00f6ffler, justified for morality reasens.<\/p>\n<p><span style=\"text-decoration: underline;\">She took the initiative and was co-organisator of both expositions of women in the arts<\/span>:<\/p>\n<ul>\n<li><strong>1977<\/strong> WOMEN ARTISTS INTERNATIONAL 1877-1977, exposed in the Orangerie, castle Charlottenburg Berlin and Frankfurter Kunstverein Frankfurt.<\/li>\n<li><strong>1986-87<\/strong> THE HIDDEN MUSEUM exposed in the Akademie of Arts Berlin and castle Oberhausen.<br \/>Founding association -DAS VERBORGENE MUSEUM- with the intention to research and exposing the art of women.<\/li>\n<li><strong>1981-1991<\/strong> temporary lecturer at the University of arts, Berlin<\/li>\n<li><strong>1991<\/strong> Visiting Professor at the University of arts, Berlin<\/li>\n<\/ul>\n<\/div>\n<\/div>\n<\/div>\n<div class=\"mp-row-fluid motopress-row mpce-dsbl-margin-left mpce-dsbl-margin-right\">\n<div class=\"motopress-clmn mp-span12 mpce-dsbl-margin-left mpce-dsbl-margin-right  motopress-space\">\n<div class=\"motopress-space-obj mpce-dsbl-background-image-type mpce-dsbl-background-image mpce-dsbl-background-gradient mpce-dsbl-background-position mpce-dsbl-background-position-x mpce-dsbl-background-position-y mpce-dsbl-background-repeat mpce-dsbl-background-size mpce-dsbl-background-attachment mpce-dsbl-margin-left mpce-dsbl-margin-right mpce-dsbl-background-color mpce-dsbl-border-top-width mpce-dsbl-border-bottom-width mpce-dsbl-border-left-width mpce-dsbl-border-right-width mpce-dsbl-border-top-left-radius mpce-dsbl-border-top-right-radius mpce-dsbl-border-bottom-left-radius mpce-dsbl-border-bottom-right-radius mpce-dsbl-border-style mpce-dsbl-border-color mpce-dsbl-padding-left mpce-dsbl-padding-right mpce-dsbl-margin-top mpce-dsbl-margin-bottom mpce-dsbl-color\"  style=\"min-height: 50px;\" data-min-height=\"50\"><div><\/div><\/div>\n<\/div>\n<\/div>\n<div class=\"mp-row-fluid motopress-row mpce-dsbl-margin-left mpce-dsbl-margin-right\">\n<div class=\"motopress-clmn mp-span6 mpce-dsbl-margin-left mpce-dsbl-margin-right\">\n<div class=\"motopress-embed-obj fill-space\"><div class=\"su-accordion su-u-trim\">  <div class=\"su-spoiler su-spoiler-style-default su-spoiler-icon-plus su-spoiler-closed\" data-scroll-offset=\"0\" data-anchor-in-url=\"no\"><div class=\"su-spoiler-title\" tabindex=\"0\" role=\"button\"><span class=\"su-spoiler-icon\"><\/span>Solo exhibitions (Selection)<\/div><div class=\"su-spoiler-content su-u-clearfix su-u-trim\"><ul><li><strong>2016<\/strong> Galerie CDA Toulouse France<\/li><li><strong>2011<\/strong> Galerie Municipal Lannemezan France<\/li><li><strong>2010<\/strong> Galerie CDA Toulouse France<\/li><li><strong>2008<\/strong> H\u00d4TEL ROCHEGUDE Albi France<br \/>SCHWARZE VILLA Kunstamt Steglitz Berlin<\/li><li><strong>2006<\/strong> LE TEMPLE, Caussade,France<\/li><li><strong>2005<\/strong> KOMMUNALE GALERIE Kunstamt Charlottenburg<br \/>Berlin, Galerie BRIGITTE GRIFFAULT Montauban France<\/li><li><strong>2004<\/strong> MUS\u00c9E MUNICIPAL Saint-Gaudens France<\/li><li><strong>2003<\/strong> GALERIE MUNICIPALE Montesquieu-Volvestre France<br \/>AIRBUS FRANCE Toulouse France, PR\u00c9TOIR Lannemezan France<\/li><li><strong>2002<\/strong> Galerie BRIGITTE GRIFFAULT LE SCRIBE Montauban France<\/li><li><strong>2001<\/strong> EADS Airbus Toulouse -Blagnac France<br \/>LE CARMEL Tarbes France, Galerie HENKEL Berlin<\/li><li><strong>2000<\/strong> l\u2018ESPACE CROIX BARAGNON Toulouse France<\/li><li><strong>1999<\/strong> Informationszentrum INFOBOX Potsdamer Platz Berlin<\/li><li><strong>1998<\/strong> Galerie KONVEX Berlin<\/li><li><strong>1997<\/strong> STAATSRAT GEB\u00c4UDE (DDR) Berlin<\/li><li><strong>1995<\/strong> Foyer BERLINER ZEITUNG Berlin<\/li><li><strong>1994<\/strong> Kunstverein SCHERING Berlin Galerie TAFELSKI Berlin<\/li><li><strong>1991<\/strong> Galerie APEX G\u00f6ttingen<br \/>FRAUEN MUSEUM Bonn<br \/>K\u00dcNSTLERHAUS BAHNHOF- WESTEND Berlin<\/li><li><strong>1993<\/strong> KOMMUNALE GALERIE, Kunstamt Wilmersdorf Berlin<\/li><li><strong>1990<\/strong> FLOTTMANN-HALLE Herne Galerie VULKAN Mainz<\/li><li><strong>1988<\/strong> Galerie CHAMISSO PLATZ BERLIN<br \/>SCHLOSS CHARLOTTENBURG, Kleine Orangerie Berlin<br \/>Galerie VULKAN, Mainz<\/li><li><strong>1987<\/strong> KOMMUNALE GALERIE Bremen<\/li><li><strong>1985<\/strong> HAUS AM L\u00dcTZOWPLATZ Berlin<br \/>SCHLOSS OBERHAUSEN Oberhausen<br \/>Galerie ROSE Hamburg<br \/>Galerie APEX G\u00f6ttingen<\/li><li><strong>1981<\/strong> LADENGALERIE Berlin<\/li><li><strong>1980<\/strong> REALISMUSSTUDIO der NGBK (Neue Gesellschaft f\u00fcr Bildenden Kunst) Berlin<\/li><\/ul><\/div><\/div><\/div><\/div>\n<\/div>\n<div class=\"motopress-clmn mp-span6 mpce-dsbl-margin-left mpce-dsbl-margin-right\">\n<div class=\"motopress-embed-obj fill-space\"><div class=\"su-accordion su-u-trim\">  <div class=\"su-spoiler su-spoiler-style-default su-spoiler-icon-plus su-spoiler-closed\" data-scroll-offset=\"0\" data-anchor-in-url=\"no\"><div class=\"su-spoiler-title\" tabindex=\"0\" role=\"button\"><span class=\"su-spoiler-icon\"><\/span>Group exhibitions (Selection)<\/div><div class=\"su-spoiler-content su-u-clearfix su-u-trim\"><ul><li><strong>2020<\/strong> -Gezeichnete Stadt- Berlinische Galerie Berlin<br \/>ZWEIMAL BERLIN, Schoeler Villa Berlin<\/li><li><strong>2019<\/strong> SALON GALERIE DIE M\u00d6WE Berlin<\/li><li><strong>2016-17<\/strong> DIE WILDEN 80ER JAHRE Potsdam Museum<\/li><li><strong>2015<\/strong> KUNSTWOCHE, Kommunale Galerie Wilmersdorf<\/li><li><strong>2014<\/strong> ART VAGABONDE Lauragais France<\/li><li><strong>2013<\/strong> ART VAGABONDE, Lauragais France<\/li><li><strong>2012<\/strong> Salon Colomier, PRIX DU AQUARELLE<\/li><li><strong>2006<\/strong> Salon d\u2018Automne Albi PRIX MEILLEUR AQUARELLE 2005 Salon Ile Jourdan PREMIER PRIX<\/li><li><strong>2004<\/strong> Salon Ile Jourdan PRIX D\u2018OFFICE DE TOURISME<\/li><li><strong>2003<\/strong> \u201eMARS. Kunst und Krieg \/ MARS. Art and War\u201c, Neue Galerie am Landesmuseum Joanneum Graz Austria,<br \/>ART SUR PLACE Toulouse, Salon Fousseret, PRIX DE DESSIN 23. Salon d\u2018Automne Albi, PRIX DES AMIS DES ARTS D\u2018ALBI<\/li><li><strong>2001<\/strong> Salon Colomier PRIX DE DESSIN<\/li><li><strong>1998<\/strong> POTSDAM &#8211; BILDER DER STADT &#8211; Galerie am Neuen Palais Potsdam<\/li><li><strong>1991<\/strong> INTERFERENZEN Riga et St. Petersbourg, NGBK Berlin,<br \/>DAS MENSCHENBILD, Kunstgalerie Kleinsassen Galerie Paderborn<\/li><li><strong>1987<\/strong> DAS VERBORGENE MUSEUM &#8211; Akademie der K\u00fcnste Berlin<\/li><li><strong>1988<\/strong> SCHLOSS OBERHAUSEN Oberhausen<\/li><li><strong>1986<\/strong> BERLINER STADTLANDSCHAFT, 750 Jahrfeier Berlin, Ausstellung und Posteredition Wien, London, Paris, Amsterdam Los Angeles und Berlin<\/li><li><strong>1984<\/strong> OTTO NAGEL PREIS 1984, Kommunale Galerie Wedding Berlin<\/li><li><strong>1982<\/strong> BERLINER S-BAHN, K\u00fcnstlerhaus BETHANIEN Berln, 5 JAHRE KUNSTANK\u00c4UFE DES SENAT BERLIN, Kunsthalle Berlin, RAUM-FRAUEN-ZEIT, KARL-HOFER- Symposium 1982, Hochschule der K\u00fcnste Berlin<\/li><li><strong>1979<\/strong> A CRITICAL VIEW &#8211; UGLY REALISM 20S &#8211; 70S London<\/li><li><strong>1977<\/strong> K\u00dcNSTERINNEN INTERNATIONAL 1877-1977,<br \/>SCHLOSS CHARLOTTENBURG Orangerie Berlin<br \/>Frankfurter Kunstverein Frankfurt<\/li><\/ul><\/div><\/div><\/div><\/div>\n<\/div>\n<\/div>\n<div class=\"mp-row-fluid motopress-row mpce-dsbl-margin-left mpce-dsbl-margin-right\">\n<div class=\"motopress-clmn mp-span12 mpce-dsbl-margin-left mpce-dsbl-margin-right  motopress-space\">\n<div class=\"motopress-space-obj mpce-dsbl-background-image-type mpce-dsbl-background-image mpce-dsbl-background-gradient mpce-dsbl-background-position mpce-dsbl-background-position-x mpce-dsbl-background-position-y mpce-dsbl-background-repeat mpce-dsbl-background-size mpce-dsbl-background-attachment mpce-dsbl-margin-left mpce-dsbl-margin-right mpce-dsbl-background-color mpce-dsbl-border-top-width mpce-dsbl-border-bottom-width mpce-dsbl-border-left-width mpce-dsbl-border-right-width mpce-dsbl-border-top-left-radius mpce-dsbl-border-top-right-radius mpce-dsbl-border-bottom-left-radius mpce-dsbl-border-bottom-right-radius mpce-dsbl-border-style mpce-dsbl-border-color mpce-dsbl-padding-left mpce-dsbl-padding-right mpce-dsbl-margin-top mpce-dsbl-margin-bottom mpce-dsbl-color\"  style=\"min-height: 50px;\" data-min-height=\"50\"><div><\/div><\/div>\n<\/div>\n<\/div>\n<\/div>\n<\/div>\n","protected":false},"excerpt":{"rendered":"Evelyn Kuwertz\u00a0 Biographical Date Born in Austria, the German painter Evelyn Kuwertz studied at the University of the Arts, Berlin. She lives and works in Berlin and, since 2000, also in southwest France. Her works are held in public and private collections in Germany and France. Exhibitions have been devoted to her work since 1980,&hellip;&nbsp;<a href=\"https:\/\/evelyn-kuwertz.berlin\/en\/cv\/\" class=\"\" rel=\"bookmark\">Weiterlesen &raquo;<span class=\"screen-reader-text\">CV<\/span><\/a>","protected":false},"author":1,"featured_media":0,"parent":0,"menu_order":0,"comment_status":"closed","ping_status":"closed","template":"","meta":{"neve_meta_sidebar":"","neve_meta_container":"","neve_meta_enable_content_width":"","neve_meta_content_width":0,"neve_meta_title_alignment":"","neve_meta_author_avatar":"","neve_post_elements_order":"","neve_meta_disable_header":"","neve_meta_disable_footer":"","neve_meta_disable_title":""},"_links":{"self":[{"href":"https:\/\/evelyn-kuwertz.berlin\/en\/wp-json\/wp\/v2\/pages\/55"}],"collection":[{"href":"https:\/\/evelyn-kuwertz.berlin\/en\/wp-json\/wp\/v2\/pages"}],"about":[{"href":"https:\/\/evelyn-kuwertz.berlin\/en\/wp-json\/wp\/v2\/types\/page"}],"author":[{"embeddable":true,"href":"https:\/\/evelyn-kuwertz.berlin\/en\/wp-json\/wp\/v2\/users\/1"}],"replies":[{"embeddable":true,"href":"https:\/\/evelyn-kuwertz.berlin\/en\/wp-json\/wp\/v2\/comments?post=55"}],"version-history":[{"count":41,"href":"https:\/\/evelyn-kuwertz.berlin\/en\/wp-json\/wp\/v2\/pages\/55\/revisions"}],"predecessor-version":[{"id":713,"href":"https:\/\/evelyn-kuwertz.berlin\/en\/wp-json\/wp\/v2\/pages\/55\/revisions\/713"}],"wp:attachment":[{"href":"https:\/\/evelyn-kuwertz.berlin\/en\/wp-json\/wp\/v2\/media?parent=55"}],"curies":[{"name":"wp","href":"https:\/\/api.w.org\/{rel}","templated":true}]}}